{"id":138,"date":"2025-09-02T12:27:02","date_gmt":"2025-09-02T12:27:02","guid":{"rendered":"https:\/\/conferenciasur.cl\/?page_id=138"},"modified":"2025-09-02T12:27:02","modified_gmt":"2025-09-02T12:27:02","slug":"historia","status":"publish","type":"page","link":"https:\/\/conferenciasur.cl\/?page_id=138","title":{"rendered":"Historia"},"content":{"rendered":"<p>La Conferencia Sur naci\u00f3 en 2008, en los albores de las comunicaciones digitales. Tres apasionados radioaficionados Rodolfo (XQ5RWJ), Boris (CE5VKK) y Guillermo (KB6PCA)\u2014 se encontraron en la plataforma EchoLink y compartieron la visi\u00f3n de crear un espacio que conectara a la comunidad de radioaficionados chilenos.<\/p>\n<p>Desde Oklahoma, Estados Unidos, Guillermo lider\u00f3 las gestiones t\u00e9cnicas y administrativas para dar forma a la idea. As\u00ed, la Conferencia Sur comenz\u00f3 a operar, ofreciendo un punto de encuentro virtual para quienes compart\u00edan la misma pasi\u00f3n por la radioafici\u00f3n.<\/p>\n<p>El gran hito lleg\u00f3 en 2013, cuando la conferencia volvi\u00f3 a su pa\u00eds de inspiraci\u00f3n: Chile. Desde entonces, bajo la administraci\u00f3n de Boris (CE5VKK) en la ciudad de Concepci\u00f3n, la red ha crecido sostenidamente, convirti\u00e9ndose en una plataforma robusta que cubre gran parte del territorio nacional.<\/p>\n<p>Lo que comenz\u00f3 como una simple conversaci\u00f3n se transform\u00f3 en un puente digital que une a radioaficionados de todas partes, demostrando el poder de la colaboraci\u00f3n y la tecnolog\u00eda en la construcci\u00f3n de comunidad.<\/p>\n","protected":false},"excerpt":{"rendered":"<p>La Conferencia Sur naci\u00f3 en 2008, en los albores de las comunicaciones digitales. Tres apasionados radioaficionados Rodolfo (XQ5RWJ), Boris (CE5VKK) y Guillermo (KB6PCA)\u2014 se encontraron en la plataforma EchoLink y compartieron la visi\u00f3n de crear un espacio que conectara a la comunidad de radioaficionados chilenos. Desde Oklahoma, Estados Unidos, Guillermo lider\u00f3 las gestiones t\u00e9cnicas y &hellip; <\/p>\n<p class=\"link-more\"><a href=\"https:\/\/conferenciasur.cl\/?page_id=138\" class=\"more-link\">Leer m\u00e1s<span class=\"screen-reader-text\"> \u201cHistoria\u201d<\/span><\/a><\/p>\n","protected":false},"author":1,"featured_media":0,"parent":0,"menu_order":0,"comment_status":"closed","ping_status":"closed","template":"","meta":{"footnotes":""},"class_list":["post-138","page","type-page","status-publish","hentry"],"featured_media_urls":[],"_links":{"self":[{"href":"https:\/\/conferenciasur.cl\/index.php?rest_route=\/wp\/v2\/pages\/138","targetHints":{"allow":["GET"]}}],"collection":[{"href":"https:\/\/conferenciasur.cl\/index.php?rest_route=\/wp\/v2\/pages"}],"about":[{"href":"https:\/\/conferenciasur.cl\/index.php?rest_route=\/wp\/v2\/types\/page"}],"author":[{"embeddable":true,"href":"https:\/\/conferenciasur.cl\/index.php?rest_route=\/wp\/v2\/users\/1"}],"replies":[{"embeddable":true,"href":"https:\/\/conferenciasur.cl\/index.php?rest_route=%2Fwp%2Fv2%2Fcomments&post=138"}],"version-history":[{"count":1,"href":"https:\/\/conferenciasur.cl\/index.php?rest_route=\/wp\/v2\/pages\/138\/revisions"}],"predecessor-version":[{"id":139,"href":"https:\/\/conferenciasur.cl\/index.php?rest_route=\/wp\/v2\/pages\/138\/revisions\/139"}],"wp:attachment":[{"href":"https:\/\/conferenciasur.cl\/index.php?rest_route=%2Fwp%2Fv2%2Fmedia&parent=138"}],"curies":[{"name":"wp","href":"https:\/\/api.w.org\/{rel}","templated":true}]}}