{"id":140,"date":"2025-09-02T12:28:09","date_gmt":"2025-09-02T12:28:09","guid":{"rendered":"https:\/\/conferenciasur.cl\/?page_id=140"},"modified":"2025-09-02T12:30:15","modified_gmt":"2025-09-02T12:30:15","slug":"vision","status":"publish","type":"page","link":"https:\/\/conferenciasur.cl\/?page_id=140","title":{"rendered":"Misi\u00f3n"},"content":{"rendered":"<p>Fomentar la comunicaci\u00f3n, integraci\u00f3n y cooperaci\u00f3n entre radioaficionados, ofreciendo un espacio digital confiable que conecte comunidades y promueva el aprendizaje y el servicio.<\/p>\n","protected":false},"excerpt":{"rendered":"<p>Fomentar la comunicaci\u00f3n, integraci\u00f3n y cooperaci\u00f3n entre radioaficionados, ofreciendo un espacio digital confiable que conecte comunidades y promueva el aprendizaje y el servicio.<\/p>\n","protected":false},"author":1,"featured_media":0,"parent":0,"menu_order":0,"comment_status":"closed","ping_status":"closed","template":"","meta":{"footnotes":""},"class_list":["post-140","page","type-page","status-publish","hentry"],"featured_media_urls":[],"_links":{"self":[{"href":"https:\/\/conferenciasur.cl\/index.php?rest_route=\/wp\/v2\/pages\/140","targetHints":{"allow":["GET"]}}],"collection":[{"href":"https:\/\/conferenciasur.cl\/index.php?rest_route=\/wp\/v2\/pages"}],"about":[{"href":"https:\/\/conferenciasur.cl\/index.php?rest_route=\/wp\/v2\/types\/page"}],"author":[{"embeddable":true,"href":"https:\/\/conferenciasur.cl\/index.php?rest_route=\/wp\/v2\/users\/1"}],"replies":[{"embeddable":true,"href":"https:\/\/conferenciasur.cl\/index.php?rest_route=%2Fwp%2Fv2%2Fcomments&post=140"}],"version-history":[{"count":3,"href":"https:\/\/conferenciasur.cl\/index.php?rest_route=\/wp\/v2\/pages\/140\/revisions"}],"predecessor-version":[{"id":146,"href":"https:\/\/conferenciasur.cl\/index.php?rest_route=\/wp\/v2\/pages\/140\/revisions\/146"}],"wp:attachment":[{"href":"https:\/\/conferenciasur.cl\/index.php?rest_route=%2Fwp%2Fv2%2Fmedia&parent=140"}],"curies":[{"name":"wp","href":"https:\/\/api.w.org\/{rel}","templated":true}]}}